{"id":141,"date":"2017-07-12T09:49:02","date_gmt":"2017-07-12T07:49:02","guid":{"rendered":"https:\/\/wp.tritoncavaillon.fr\/?page_id=141"},"modified":"2017-09-18T15:23:34","modified_gmt":"2017-09-18T13:23:34","slug":"ses-entraineurs","status":"publish","type":"page","link":"https:\/\/www.tritoncavaillon.fr\/index.php\/ses-entraineurs\/","title":{"rendered":"Ses Entra\u00eeneurs"},"content":{"rendered":"<p>L&rsquo;\u00e9lite de l&rsquo;\u00e9lite, \u00e0 retrouver ici prochainement (avec des photos&#8230;)<\/p>\n","protected":false},"excerpt":{"rendered":"<p>L&rsquo;\u00e9lite de l&rsquo;\u00e9lite, \u00e0 retrouver ici prochainement (avec des photos&#8230;)<\/p>\n","protected":false},"author":1,"featured_media":0,"parent":0,"menu_order":0,"comment_status":"closed","ping_status":"closed","template":"","meta":{"colormag_page_layout":"no_sidebar_full_width","footnotes":""},"class_list":["post-141","page","type-page","status-publish","hentry"],"jetpack_sharing_enabled":true,"_links":{"self":[{"href":"https:\/\/www.tritoncavaillon.fr\/index.php\/wp-json\/wp\/v2\/pages\/141","targetHints":{"allow":["GET"]}}],"collection":[{"href":"https:\/\/www.tritoncavaillon.fr\/index.php\/wp-json\/wp\/v2\/pages"}],"about":[{"href":"https:\/\/www.tritoncavaillon.fr\/index.php\/wp-json\/wp\/v2\/types\/page"}],"author":[{"embeddable":true,"href":"https:\/\/www.tritoncavaillon.fr\/index.php\/wp-json\/wp\/v2\/users\/1"}],"replies":[{"embeddable":true,"href":"https:\/\/www.tritoncavaillon.fr\/index.php\/wp-json\/wp\/v2\/comments?post=141"}],"version-history":[{"count":2,"href":"https:\/\/www.tritoncavaillon.fr\/index.php\/wp-json\/wp\/v2\/pages\/141\/revisions"}],"predecessor-version":[{"id":235,"href":"https:\/\/www.tritoncavaillon.fr\/index.php\/wp-json\/wp\/v2\/pages\/141\/revisions\/235"}],"wp:attachment":[{"href":"https:\/\/www.tritoncavaillon.fr\/index.php\/wp-json\/wp\/v2\/media?parent=141"}],"curies":[{"name":"wp","href":"https:\/\/api.w.org\/{rel}","templated":true}]}}