{"id":30,"date":"2017-07-03T15:59:21","date_gmt":"2017-07-03T13:59:21","guid":{"rendered":"http:\/\/wp.tritoncavaillon.fr\/?page_id=30"},"modified":"2017-07-13T14:44:26","modified_gmt":"2017-07-13T12:44:26","slug":"accueil","status":"publish","type":"page","link":"https:\/\/www.tritoncavaillon.fr\/index.php\/accueil\/","title":{"rendered":"Son Histoire"},"content":{"rendered":"<div><a href=\"https:\/\/www.tritoncavaillon.fr\/wp-content\/uploads\/2017\/07\/TritonClubCavaillon.jpg\"><img loading=\"lazy\" decoding=\"async\" class=\"alignright wp-image-23 size-medium\" src=\"https:\/\/www.tritoncavaillon.fr\/wp-content\/uploads\/2017\/07\/TritonClubCavaillon-300x225.jpg\" alt=\"\" width=\"300\" height=\"225\" srcset=\"https:\/\/www.tritoncavaillon.fr\/wp-content\/uploads\/2017\/07\/TritonClubCavaillon-300x225.jpg 300w, https:\/\/www.tritoncavaillon.fr\/wp-content\/uploads\/2017\/07\/TritonClubCavaillon.jpg 400w\" sizes=\"auto, (max-width: 300px) 100vw, 300px\" \/><\/a><\/div>\n<div>\n<p><big>Le Triton est l\u2019un des clubs sportifs les plus anciens de Cavaillon ; il est devenu une institution.<\/big><\/p>\n<p>&nbsp;<\/p>\n<p><big>Cr\u00e9\u00e9 en 1966 par M. Martignac, il fut longtemps impr\u00e9gn\u00e9 de la pr\u00e9sence de l\u2019entra\u00eeneur Paul Fernandez qui a su transmettre sa motivation \u00e0 ses enfants, Maryl\u00e8ne et Michel, qui \u00e0 leur tour ont longtemps entra\u00een\u00e9 nos jeunes tritons, jusqu&rsquo;en 201\u200b4 pour Michel. L\u2019esprit sportif initi\u00e9 par \u00ab Paulet \u00bb marque encore aujourd\u2019hui ce club attach\u00e9 \u00e0 des valeurs fondamentales telles que l\u2019entraide, la performance, l\u2019effort, le respect de l\u2019autre et le surpassement de ses propres limites, ceci uniquement dans le but de hisser le club \u00e0 des niveaux respectables.<\/big><br \/>\n<big>\u00a0<\/big><br \/>\n<big>C\u2019est donc dans un esprit collectif que nos nageurs se sont class\u00e9s parmi les meilleurs aux comp\u00e9titions UFOLEP d\u00e9partementales, r\u00e9gionales et nationales. Ils sont fiers et heureux de partager d\u200b\u200bes moments d\u2019exception, sachant que la motivation et la performance de chacun est n\u00e9cessaire pour obtenir la victoire.<\/big><br \/>\n<big>Obtenir des r\u00e9sultats et maintenir la motivation est le fruit d\u2019un travail r\u00e9gulier, continu, progressif, adapt\u00e9, dos\u00e9, pr\u00e9cis, que dispensent chaque semaine nos entra\u00eeneurs. Rien n\u2019est possible sans la fiabilit\u00e9, la comp\u00e9tence et la p\u00e9dagogie des entra\u00eeneurs du club.\u00a0<\/big><br \/>\n<big>\u00a0<\/big><br \/>\n<big>Ce club est anim\u00e9 par un conseil d\u2019administration compos\u00e9 de huit membres, tous b\u00e9n\u00e9voles. Deux Vice-Pr\u00e9sidents et un Pr\u00e9sident, \u00e9galement b\u00e9n\u00e9voles, sont \u00e9lus par ce conseil d\u2019administration. Le conseil d\u2019administration se r\u00e9unit en moyenne une fois par mois pour d\u00e9battre de l\u2019ensemble des sujets qui concernent la vie du club dans son int\u00e9gralit\u00e9, licences, comp\u00e9titions, entra\u00eenements, manifestations, pr\u00e9pare les points \u00e0 inscrire \u00e0 l\u2019ordre du jour du conseil et r\u00e8gle les \u00ab petits probl\u00e8mes \u00bb du quotidien du club. Chaque point \u00e0 l\u2019ordre du jour est discut\u00e9 en totale transparence afin que la solution adopt\u00e9e soit accept\u00e9e et comprise par tous. C\u2019est un travail compliqu\u00e9, chronophage, mais passionnant. Une fois encore, c\u2019est l\u2019esprit d\u2019\u00e9quipe qui prime.<\/big><br \/>\n<big>\u00a0<\/big><br \/>\n<big>Quant aux parents, ils ont \u00e9galement un r\u00f4le important. Ils accompagnent leurs enfants, les encouragent, les f\u00e9licitent, les rassurent. Ils leur font comprendre comment s\u2019int\u00e9grer \u00e0 une \u00e9quipe, comment s\u2019informer, comment vivre en collectivit\u00e9. Ils participent avec leurs enfants aux manifestations organis\u00e9es par le club. Les enfants comprennent ainsi qu\u2019un club est un ensemble vivant et que chacun a sa place et son r\u00f4le \u00e0 jouer.<\/big><br \/>\n<big>\u00a0<\/big><br \/>\n<big>Voil\u00e0 donc quel est ce petit monde du Triton, constitu\u00e9 d\u2019une quarantaine de nageurs licenci\u00e9s et dont les parents, aid\u00e9s par des parents d\u2019anciens nageurs, ont en charge la gestion du club.<\/big><br \/>\n<big>\u00a0<\/big><br \/>\n<big>Deux changement importants s\u2019annoncent pour la saison 2015\/2016.<\/big><br \/>\n<big>\u00a0<\/big><br \/>\n<big>Premier changement, le Triton Club Cavaillon s&rsquo;enrichira d&rsquo;une activit\u00e9 Triton Adulte en prenant en charge l&rsquo;activit\u00e9 Performance Adulte g\u00e9r\u00e9e jusqu&rsquo;\u00e0 pr\u00e9sent par la communaut\u00e9 de communes Luberon Monts de Vaucluse (LMV). Cette activit\u00e9 de loisir\u200bs\u200b permettra ainsi aux Tritons jeunes devenus adultes de continuer de pratiquer leur sport favori parmi des passionn\u00e9s de longue date.<\/big><br \/>\n<big>Autre changement, le Triton Club Cavaillon sera d\u00e9sormais affili\u00e9, comme \u00e0 ses d\u00e9buts \u00e0 la F\u00e9d\u00e9ration Fran\u00e7aise de Natation. Elle permettra au Triton Club Cavaillon de progresser plus encore, vers les JO qui sait ? Des entra\u00eeneurs stagiaires de la FFN pourront aussi seconder les deux entra\u00eeneurs du Triton Club.<\/big><br \/>\n<big>\u00a0<\/big><br \/>\n<big>Des partenaires\u00a0vont nous accompagner dans ces changements, ces partenaires privil\u00e9gi\u00e9s du club, ceux qui depuis 1966 mettent \u00e0 disposition les infrastructures n\u00e9cessaires \u00e0 la pratique de la natation, ainsi que du personnel dipl\u00f4m\u00e9, efficace et sympathique. La mairie de Cavaillon a toujours fait preuve de d\u00e9vouement et de compr\u00e9hension afin de permettre au Triton d\u2019\u00e9voluer et de grandir. Il y a quelques ann\u00e9es d\u00e9j\u00e0, la commune de Cavaillon a transf\u00e9r\u00e9 la comp\u00e9tence des piscines \u00e0 la \u200b\u200bcommunaut\u00e9 de communes Luberon Monts de Vaucluse (LMV), laquelle fait d\u2019importants efforts pour rendre la vie plus facile \u00e0 notre club et, par notre interm\u00e9diaire, am\u00e9liorer le cadre de vie de nos enfants. R\u00e9cemment, la \u200b\u200bcommunaut\u00e9 de communes LMV a bien voulu mettre gratuitement \u00e0 notre disposition un Ma\u00eetre-nageur dipl\u00f4m\u00e9 pour compl\u00e9ter notre \u00e9quipe \u200bd&rsquo;\u200bentra\u00eeneurs malheureusement incompl\u00e8te depuis le d\u00e9part annonc\u00e9 en juin 201\u200b4 de \u200bdeux entra\u00eeneurs\u200b \u00ab\u00a0historiques\u00a0\u00bb\u200b.<\/big><br \/>\n<big>\u00a0<\/big><br \/>\n<big>Il faut donc remercier tous ces repr\u00e9sentants de la CCLMV, Pr\u00e9sident, Maires et Adjoints, tous ces ma\u00eetres-nageurs et autres agents municipaux, qui contribuent par leurs actions \u00e0 ce que notre club puisse exister, malgr\u00e9 des incidents de parcours, et que nos enfants puissent s\u2019\u00e9panouir dans les meilleurs conditions possibles.<\/big><br \/>\n<big>Sportivement v\u00f4tre.<\/big><\/p>\n<\/div>\n<p><big><br \/>\nLa Pr\u00e9sidente<br \/>\n<img loading=\"lazy\" decoding=\"async\" class=\"alignright wp-image-84 size-full\" src=\"https:\/\/www.tritoncavaillon.fr\/wp-content\/uploads\/2017\/07\/LaPresidente.jpg\" alt=\"\" width=\"206\" height=\"262\" \/> <\/big><\/p>\n<p><big>Christine GRIGNAN<\/big><\/p>\n","protected":false},"excerpt":{"rendered":"<p>Le Triton est l\u2019un des clubs sportifs les plus anciens de Cavaillon ; il est devenu une institution. &nbsp; Cr\u00e9\u00e9<\/p>\n","protected":false},"author":1,"featured_media":0,"parent":0,"menu_order":0,"comment_status":"closed","ping_status":"closed","template":"","meta":{"colormag_page_layout":"no_sidebar_full_width","footnotes":""},"class_list":["post-30","page","type-page","status-publish","hentry"],"jetpack_sharing_enabled":true,"_links":{"self":[{"href":"https:\/\/www.tritoncavaillon.fr\/index.php\/wp-json\/wp\/v2\/pages\/30","targetHints":{"allow":["GET"]}}],"collection":[{"href":"https:\/\/www.tritoncavaillon.fr\/index.php\/wp-json\/wp\/v2\/pages"}],"about":[{"href":"https:\/\/www.tritoncavaillon.fr\/index.php\/wp-json\/wp\/v2\/types\/page"}],"author":[{"embeddable":true,"href":"https:\/\/www.tritoncavaillon.fr\/index.php\/wp-json\/wp\/v2\/users\/1"}],"replies":[{"embeddable":true,"href":"https:\/\/www.tritoncavaillon.fr\/index.php\/wp-json\/wp\/v2\/comments?post=30"}],"version-history":[{"count":9,"href":"https:\/\/www.tritoncavaillon.fr\/index.php\/wp-json\/wp\/v2\/pages\/30\/revisions"}],"predecessor-version":[{"id":171,"href":"https:\/\/www.tritoncavaillon.fr\/index.php\/wp-json\/wp\/v2\/pages\/30\/revisions\/171"}],"wp:attachment":[{"href":"https:\/\/www.tritoncavaillon.fr\/index.php\/wp-json\/wp\/v2\/media?parent=30"}],"curies":[{"name":"wp","href":"https:\/\/api.w.org\/{rel}","templated":true}]}}