{"id":837,"date":"2025-08-15T10:42:44","date_gmt":"2025-08-15T08:42:44","guid":{"rendered":"https:\/\/www.tritoncavaillon.fr\/?page_id=837"},"modified":"2025-09-02T09:26:08","modified_gmt":"2025-09-02T07:26:08","slug":"inscriptions-2025-2026","status":"publish","type":"page","link":"https:\/\/www.tritoncavaillon.fr\/index.php\/inscriptions-2025-2026\/","title":{"rendered":"Inscriptions 2025 &#8211; 2026"},"content":{"rendered":"\n<p>Je vous prie de bien vouloir lire l&rsquo;int\u00e9gralit\u00e9 de la page. En effet, de nombreuses questions me sont pos\u00e9es, alors que, la plupart du temps, les r\u00e9ponses sont \u00e9crites ici \ud83d\ude09<\/p>\n\n\n\n<p class=\"has-white-color has-vivid-cyan-blue-background-color has-text-color has-background has-medium-font-size\">Le Planning (cliquer pour agrandir), attention, <strong>quelques \u00e9volutions par rapport \u00e0 l&rsquo;ann\u00e9e derni\u00e8re<\/strong><\/p>\n\n\n\n<p><\/p>\n\n\n\n<figure class=\"wp-block-image aligncenter size-large\"><a href=\"https:\/\/www.tritoncavaillon.fr\/wp-content\/uploads\/2025\/08\/2025-08-15-10_13_33-Planning_2025-2026_V0.png\" target=\"_blank\" rel=\"noreferrer noopener\"><img loading=\"lazy\" decoding=\"async\" width=\"1024\" height=\"612\" src=\"https:\/\/www.tritoncavaillon.fr\/wp-content\/uploads\/2025\/08\/2025-08-15-10_13_33-Planning_2025-2026_V0-1024x612.png\" alt=\"\" class=\"wp-image-838\" srcset=\"https:\/\/www.tritoncavaillon.fr\/wp-content\/uploads\/2025\/08\/2025-08-15-10_13_33-Planning_2025-2026_V0-1024x612.png 1024w, https:\/\/www.tritoncavaillon.fr\/wp-content\/uploads\/2025\/08\/2025-08-15-10_13_33-Planning_2025-2026_V0-300x179.png 300w, https:\/\/www.tritoncavaillon.fr\/wp-content\/uploads\/2025\/08\/2025-08-15-10_13_33-Planning_2025-2026_V0-768x459.png 768w, https:\/\/www.tritoncavaillon.fr\/wp-content\/uploads\/2025\/08\/2025-08-15-10_13_33-Planning_2025-2026_V0.png 1287w\" sizes=\"auto, (max-width: 1024px) 100vw, 1024px\" \/><\/a><\/figure>\n\n\n\n<figure class=\"wp-block-table is-style-stripes\"><table><tbody><tr><td>&nbsp;<\/td><td>Ann\u00e9e de naissance<\/td><\/tr><tr><td>ENF (apprentissage de la nage)<\/td><td>2016 \u00e0 2019<\/td><\/tr><tr><td>Avenirs (sachant d\u00e9j\u00e0 nager)<\/td><td>2015 \u00e0 2017<\/td><\/tr><tr><td>Jeunes et Benjamins<\/td><td>2013 \u00e0 2014<\/td><\/tr><tr><td>Juniors<\/td><td>2012 et avant<\/td><\/tr><tr><td>Natation Artistique<\/td><td>2016 et avant<\/td><\/tr><\/tbody><\/table><\/figure>\n\n\n\n<p class=\"has-text-align-center has-vivid-red-color has-text-color has-large-font-size\"><strong>D\u00e9but des cours le Lundi 22 Septembre<\/strong><br>BNSSA uniquement \u00e0 partir du 2 Octobre<\/p>\n\n\n\n&nbsp;\n\n\n\n<p class=\"has-very-light-gray-color has-vivid-cyan-blue-background-color has-text-color has-background has-medium-font-size\">Les tarifs &#8211; Adh\u00e9sion annuelle &#8211; (<strong><em>paiement uniquement en ligne par Carte Bancaire, en une ou en 3 fois<\/em><\/strong>) &#8211; Acc\u00e8s \u00e0 tous les cr\u00e9neaux du groupe attribu\u00e9<\/p>\n\n\n\n<ul class=\"wp-block-list\">\n<li>ENF et Avenirs : <strong>270 \u20ac<\/strong><\/li>\n\n\n\n<li>Loisirs (Jeunes, Juniors et Adultes) : <strong>240 \u20ac<\/strong><\/li>\n\n\n\n<li>Comp\u00e9titeurs (Benjamins et Juniors) : <strong>270 \u20ac + 50 \u20ac de caution de comp\u00e9tition<\/strong> (3 comp\u00e9titons obligatoires)<\/li>\n\n\n\n<li>Comp\u00e9titeurs Adultes : <strong>270 \u20ac + 100 \u20ac de caution de comp\u00e9tition<\/strong> (3 comp\u00e9titons obligatoires)<\/li>\n\n\n\n<li>Natation Artistique : <strong>245 \u20ac<\/strong><\/li>\n\n\n\n<li>Aquagym : <strong>210 \u20ac<\/strong><\/li>\n\n\n\n<li>BNSSA (places limit\u00e9es) : <strong>500 \u20ac<\/strong> (voir d\u00e9tail en bas de la page)<\/li>\n<\/ul>\n\n\n\n<p>Les familles nombreuses (m\u00eame foyer) b\u00e9n\u00e9ficient d&rsquo;une remise de <strong>30 \u20ac<\/strong> \u00e0 partir du deuxi\u00e8me membre (inscription en une seule fois), sauf pour la section BNSSA<\/p>\n\n\n\n<p class=\"has-text-align-center\"><strong>ATTENTION : la carte bancaire utilis\u00e9e pour le paiement en 3 fois doit \u00eatre valide jusqu&rsquo;\u00e0 la 3\u00e8me \u00e9ch\u00e9ance<\/strong><\/p>\n\n\n\n<p class=\"has-vivid-red-color has-text-color\"><strong><em>Pass Sport (mesure gouvernementale d&rsquo;aide \u00e0 la pratique du sport) :<\/em><\/strong><\/p>\n\n\n\n<p>Pour les b\u00e9n\u00e9ficiaires du Pass Sport, veuillez proc\u00e9der \u00e0 l&rsquo;inscription jusqu&rsquo;\u00e0 la page du paiement. Juste avant celui-ci, faites nous parvenir le mail du Minist\u00e8re des Sports indiquant votre code \u00e0 usage unique et le nom du b\u00e9n\u00e9ficiaire. Nous proc\u00e9derons alors \u00e0 la cr\u00e9ation d&rsquo;un avoir de 70\u20ac \u00e0 utiliser dans la section \u00ab\u00a0Montant des avoirs disponibles\u00a0\u00bb. Vous recevrez alors un mail indiquant que la \u00ab\u00a0pr\u00e9-inscription est valid\u00e9e\u00a0\u00bb et vous pourrez ainsi proc\u00e9der au paiement comme suit :<\/p>\n\n\n\n<figure class=\"wp-block-image aligncenter size-full\"><img loading=\"lazy\" decoding=\"async\" width=\"576\" height=\"347\" src=\"https:\/\/www.tritoncavaillon.fr\/wp-content\/uploads\/2024\/08\/image.png\" alt=\"\" class=\"wp-image-810\" srcset=\"https:\/\/www.tritoncavaillon.fr\/wp-content\/uploads\/2024\/08\/image.png 576w, https:\/\/www.tritoncavaillon.fr\/wp-content\/uploads\/2024\/08\/image-300x181.png 300w\" sizes=\"auto, (max-width: 576px) 100vw, 576px\" \/><\/figure>\n\n\n\n<p>Nous rappelons que ce code ne doit \u00eatre communiqu\u00e9 qu&rsquo;\u00e0 une et une seule association sportive.<\/p>\n\n\n\n<p class=\"has-vivid-red-color has-text-color\"><strong><em>Remboursement exceptionnel :<\/em><\/strong><\/p>\n\n\n\n<p>Pour les comp\u00e9titeurs ou leurs parents, le volontariat au r\u00f4le <span style=\"text-decoration: underline;\"><a aria-label=\"d'Officiel  (s\u2019ouvre dans un nouvel onglet)\" href=\"https:\/\/www.cdnatation84.fr\/etre-officiel\/\" target=\"_blank\" rel=\"noreferrer noopener\">d&rsquo;Officiel<\/a> <\/span>vous octroie un remboursement de <strong>20 \u20ac<\/strong> en fin d&rsquo;ann\u00e9e, apr\u00e8s la validation des tests chronos. Ce remboursement sera \u00e9galement appliqu\u00e9 aux Officiels d\u00e9j\u00e0 actifs ayant particip\u00e9 \u00e0 au moins 2 comp\u00e9titions.<\/p>\n\n\n\n<p><\/p>\n\n\n\n&nbsp;\n\n\n\n<p class=\"has-very-light-gray-color has-vivid-cyan-blue-background-color has-text-color has-background has-medium-font-size\">Les tests pour les <strong><em>nouveaux <\/em>ENF, Avenirs, Natation Artistique<\/strong> et <strong>Comp\u00e9titeurs <\/strong>afin de constituer les groupes de niveau<\/p>\n\n\n\n<ul class=\"wp-block-list\">\n<li>Les mercredi 17 septembre et vendredi 19 septembre \u00e0 la piscine Roudi\u00e8re<\/li>\n\n\n\n<li>Les nageurs seront convoqu\u00e9s afin de permettre un passage fluide devant les entraineurs<\/li>\n\n\n\n<li>Une inscription <span style=\"text-decoration: underline;\">compl\u00e8te<\/span> (pay\u00e9e) est n\u00e9cessaire pour \u00eatre convoqu\u00e9<\/li>\n<\/ul>\n\n\n\n&nbsp;\n\n\n\n<p class=\"has-very-light-gray-color has-vivid-cyan-blue-background-color has-text-color has-background has-medium-font-size\">Le bureau organisera des permanences pour la distribution des cartes d&rsquo;acc\u00e8s<\/p>\n\n\n\n&nbsp;\n\n\n\n<p class=\"has-very-light-gray-color has-vivid-cyan-blue-background-color has-text-color has-background has-medium-font-size\">Informations compl\u00e9mentaires<\/p>\n\n\n\n<p>Toute d\u00e9marche d&rsquo;inscription entraine l&rsquo;acceptation <strong>pleine <\/strong>et <strong>sans restriction<\/strong> du <span style=\"text-decoration: underline;\"><a href=\"https:\/\/www.tritoncavaillon.fr\/wp-content\/uploads\/2023\/10\/reglement_interieur_2023.pdf\" data-type=\"link\" data-id=\"https:\/\/www.tritoncavaillon.fr\/wp-content\/uploads\/2023\/10\/reglement_interieur_2023.pdf\" target=\"_blank\" rel=\"noreferrer noopener\">r\u00e8glement int\u00e9rieur du club<\/a><\/span> ainsi que du r\u00e8glement de la LMV<\/p>\n\n\n\n<p><\/p>\n\n\n\n<ul class=\"wp-block-list\">\n<li>Le formulaire de licence et le questionnaire de sant\u00e9 sont <strong>\u00e0 remplir en ligne lors du processus d&rsquo;inscription<\/strong> sur Swim-Community (pas besoin de l&rsquo;imprimer)<\/li>\n\n\n\n<li>NB : Ce formulaire comprend une section \u00ab\u00a0Formulaire d&rsquo;honorabilit\u00e9\u00a0\u00bb qui <strong>n&rsquo;<\/strong>est n\u00e9cessaire <strong>que<\/strong> pour les entraineurs, les membres du bureau et les Officiels<\/li>\n<\/ul>\n\n\n\n&nbsp;\n\n\n\n<p class=\"has-very-light-gray-color has-vivid-cyan-blue-background-color has-text-color has-background has-medium-font-size\">Questionnaire de sant\u00e9 ou Certificat m\u00e9dical ????<\/p>\n\n\n\n<p>Vous devez <strong>obligatoirement <\/strong>remplir le Questionnaire de Sant\u00e9.<\/p>\n\n\n\n<p>Si vous r\u00e9pondez \u00ab\u00a0<strong>Oui<\/strong>\u00a0\u00bb \u00e0 au moins une question, vous devrez alors fournir un Certificat M\u00e9dical d&rsquo;absence de contre indication, de moins de 6 mois.<\/p>\n\n\n\n&nbsp;\n\n\n\n<p class=\"has-text-align-center has-vivid-red-color has-text-color\"><strong><strong>A<\/strong>fin de vous aider dans le processus d&rsquo;inscription, veuillez suivre le tutoriel ci-dessous<strong><span style=\"text-decoration: underline;\"><\/span><\/strong><\/strong><\/p>\n\n\n\n<div class=\"wp-block-buttons is-layout-flex wp-block-buttons-is-layout-flex\">\n<div class=\"wp-block-button aligncenter\"><a class=\"wp-block-button__link wp-element-button\" href=\"https:\/\/www.tritoncavaillon.fr\/index.php\/tutoriel-pour-sinscrire-en-ligne-via-la-plateforme-swim-community-du-club\/\" target=\"_blank\" rel=\"noreferrer noopener\">==&gt; Tutoriel  &lt;==<\/a><\/div>\n<\/div>\n\n\n\n&nbsp;\n\n\n\n<ul class=\"wp-block-list\">\n<li>Pour chaque nageur, l&rsquo;inscription se passe sur la plateforme Swim-Community mise \u00e0 disposition par la FFN, <strong>incluant le paiement de la cotisation annuelle<\/strong> directement sur internet.<br><em>Ce paiement peut se faire en une ou en 3 fois par carte bancaire.<\/em><\/li>\n<\/ul>\n\n\n\n<div class=\"wp-block-buttons is-layout-flex wp-block-buttons-is-layout-flex\">\n<div class=\"wp-block-button has-custom-font-size is-style-fill has-medium-font-size aligncenter\"><a class=\"wp-block-button__link has-white-color has-vivid-cyan-blue-background-color has-text-color has-background wp-element-button\" href=\"https:\/\/tritonclubcavaillon.swim-community.fr\/Pages\/Login.aspx\" target=\"_blank\" rel=\"noreferrer noopener\"><strong>==&gt; <span style=\"text-decoration: underline;\">Inscription sur Swim-Community<\/span> &lt;==<\/strong><\/a><\/div>\n<\/div>\n\n\n\n&nbsp;\n\n\n\n<p class=\"has-text-align-center has-vivid-red-color has-text-color\"><strong>Aucun nageur (<\/strong><s><strong>m\u00eame<\/strong><\/s><strong> surtout si t&rsquo;es un ancien du club)  ne sera accept\u00e9 sans un dossier COMPLET ! <\/strong><\/p>\n\n\n\n<p class=\"has-very-light-gray-color has-vivid-cyan-blue-background-color has-text-color has-background has-medium-font-size\">BNSSA k\u00e9sako ?!?<\/p>\n\n\n\n<p>Le BNSSA permet de surveiller des plages publiques ou priv\u00e9es, des piscines priv\u00e9es, et d\u2019assister les Brevets&nbsp;d\u2019Etat d\u2019Educateur Sportif option Activit\u00e9s de la Natation (BEESAN) dans la surveillance des piscines publiques.<\/p>\n\n\n\n<p>Le nageur sauveteur ou nageur sauveteur c\u00f4tier titulaire du BNSSA a un r\u00f4le essentiel de pr\u00e9vention, de surveillance et d\u2019intervention sur les baignades d\u2019acc\u00e8s gratuit et, dans certains cas, la surveillance de baignade d\u2019acc\u00e8s payant. Il ne peut pas enseigner ses connaissances contre une r\u00e9mun\u00e9ration.<\/p>\n\n\n\n<p>Attention, ce dipl\u00f4me n\u2019est pas \u00e0 confondre avec le Brevet de Surveillant de Baignade (BSB), qui permet de surveiller uniquement en centre de vacances ou de loisirs.<\/p>\n\n\n\n<h2 class=\"wp-block-heading\">Contenu de la formation (sous r\u00e9serve de modification)<\/h2>\n\n\n\n<p><strong>Le contenu de la formation :<\/strong><\/p>\n\n\n\n<ol class=\"wp-block-list\">\n<li>Des entra\u00eenements de natation<\/li>\n\n\n\n<li>L\u2019apprentissage des techniques de sauvetage<\/li>\n\n\n\n<li>La r\u00e9glementation des baignades<\/li>\n\n\n\n<li>Formation PSE1 (35h, dispens\u00e9es sur 2 weekend \u00e0 Cavaillon)<\/li>\n<\/ol>\n\n\n\n<p><strong>Contenu de l\u2019examen :<\/strong><\/p>\n\n\n\n<ol class=\"wp-block-list\">\n<li>Parcours de sauvetage de 100 m<\/li>\n\n\n\n<li>Parcours de sauvetage de 250 m en PMT (Palmes, Masque et Tuba)<\/li>\n\n\n\n<li>Assistance \u00e0 personne en difficult\u00e9<\/li>\n\n\n\n<li>Questions \u00e0 Choix Multiples<\/li>\n<\/ol>\n\n\n\n<p>Pr\u00e9requis : Obtenir le PSE1<\/p>\n\n\n\n<p>Ouverte d\u00e8s 16 ans (minimum de 17 ans ou \u00e9mancip\u00e9 le jour de l\u2019examen).<\/p>\n\n\n\n<p>Aptitude \u00e0 l\u2019effort physique.<\/p>\n\n\n\n<p><\/p>\n","protected":false},"excerpt":{"rendered":"<p>Je vous prie de bien vouloir lire l&rsquo;int\u00e9gralit\u00e9 de la page. En effet, de nombreuses questions me sont pos\u00e9es, alors<\/p>\n","protected":false},"author":1,"featured_media":0,"parent":0,"menu_order":0,"comment_status":"closed","ping_status":"closed","template":"","meta":{"colormag_page_layout":"default_layout","footnotes":""},"class_list":["post-837","page","type-page","status-publish","hentry"],"jetpack_sharing_enabled":true,"_links":{"self":[{"href":"https:\/\/www.tritoncavaillon.fr\/index.php\/wp-json\/wp\/v2\/pages\/837","targetHints":{"allow":["GET"]}}],"collection":[{"href":"https:\/\/www.tritoncavaillon.fr\/index.php\/wp-json\/wp\/v2\/pages"}],"about":[{"href":"https:\/\/www.tritoncavaillon.fr\/index.php\/wp-json\/wp\/v2\/types\/page"}],"author":[{"embeddable":true,"href":"https:\/\/www.tritoncavaillon.fr\/index.php\/wp-json\/wp\/v2\/users\/1"}],"replies":[{"embeddable":true,"href":"https:\/\/www.tritoncavaillon.fr\/index.php\/wp-json\/wp\/v2\/comments?post=837"}],"version-history":[{"count":5,"href":"https:\/\/www.tritoncavaillon.fr\/index.php\/wp-json\/wp\/v2\/pages\/837\/revisions"}],"predecessor-version":[{"id":851,"href":"https:\/\/www.tritoncavaillon.fr\/index.php\/wp-json\/wp\/v2\/pages\/837\/revisions\/851"}],"wp:attachment":[{"href":"https:\/\/www.tritoncavaillon.fr\/index.php\/wp-json\/wp\/v2\/media?parent=837"}],"curies":[{"name":"wp","href":"https:\/\/api.w.org\/{rel}","templated":true}]}}