{"id":86,"date":"2017-07-04T17:51:23","date_gmt":"2017-07-04T15:51:23","guid":{"rendered":"https:\/\/wp.tritoncavaillon.fr\/?page_id=86"},"modified":"2025-09-20T23:16:24","modified_gmt":"2025-09-20T21:16:24","slug":"le-club","status":"publish","type":"page","link":"https:\/\/www.tritoncavaillon.fr\/index.php\/le-club\/","title":{"rendered":"Le Club"},"content":{"rendered":"\n<h3 class=\"wp-block-heading\"><strong><big>Membres du Conseil d&rsquo;administration<br>\nsaison 2022-2023<\/big><\/strong><\/h3>\n\n\n\n<figure class=\"wp-block-table\"><table class=\"has-fixed-layout\"><tbody><tr><td class=\"has-text-align-right\" data-align=\"right\">Mme&nbsp;Christine&nbsp;GRIGNAN<\/td><td><div>Pr\u00e9sidente, Administration G\u00e9n\u00e9rale<\/div><\/td><\/tr><tr><td class=\"has-text-align-right\" data-align=\"right\">M. Romain GAFFIERO<\/td><td>Vice Pr\u00e9sident<\/td><\/tr><tr><td class=\"has-text-align-right\" data-align=\"right\">M. Arnaud GRIGNAN<\/td><td>Vice Pr\u00e9sident<\/td><\/tr><tr><td class=\"has-text-align-right\" data-align=\"right\"><div style=\"text-align: right;\">Mme Virginie BAMMEZ-FABRE<\/div><\/td><td>Tr\u00e9sori\u00e8re<\/td><\/tr><tr><td class=\"has-text-align-right\" data-align=\"right\">Mme Sandra MACHADO<\/td><td>Tr\u00e9sori\u00e8re adjointe<\/td><\/tr><tr><td class=\"has-text-align-right\" data-align=\"right\">Mme St\u00e9phanie GOMEZ<\/td><td>Secr\u00e9taire, Gestion Administrative et inscriptions<\/td><\/tr><tr><td class=\"has-text-align-right\" data-align=\"right\">Mme Ang\u00e9lique GAFFIERO<\/td><td>Secr\u00e9taire Adjointe<\/td><\/tr><tr><td class=\"has-text-align-right\" data-align=\"right\">Mme Julie PETRELLA<\/td><td>Responsable Entraineurs et Officiels<\/td><\/tr><tr><td class=\"has-text-align-right\" data-align=\"right\">Mme Raquel GARCIA BARRIOS<\/td><td>Administratrice<\/td><\/tr><tr><td class=\"has-text-align-right\" data-align=\"right\">M. Jean DUCROT<\/td><td>Administrateur<\/td><\/tr><tr><td class=\"has-text-align-right\" data-align=\"right\">M. Romuald BAMMEZ<\/td><td>Administrateur<\/td><\/tr><\/tbody><\/table><\/figure>\n\n\n\n<h3 class=\"wp-block-heading\"><strong>Contact<\/strong><\/h3>\n\n\n\n<h4 class=\"wp-block-heading\"><strong>Adresse postale :<\/strong><\/h4>\n\n\n\n<p>TRITON CLUB CAVAILLON<\/p>\n\n\n\n<p>Piscine Roudi\u00e8re<\/p>\n\n\n\n<p>Quartier la Cl\u00e8de<\/p>\n\n\n\n<p>84300 CAVAILLON<\/p>\n\n\n\n<p><b>E-Mail&nbsp;<\/b>: contact [arobase] tritoncavaillon.fr<\/p>\n\n\n\n<p><strong>Statuts<\/strong> : les statuts de l&rsquo;association TRITON CLUB CAVAILLON sont disponibles&nbsp;<a href=\"https:\/\/www.tritoncavaillon.fr\/wp-content\/uploads\/2017\/07\/20150616statut.pdf\" target=\"_blank\" rel=\"noopener\">ICI<\/a><\/p>\n","protected":false},"excerpt":{"rendered":"<p>Membres du Conseil d&rsquo;administration saison 2022-2023 Mme&nbsp;Christine&nbsp;GRIGNAN Pr\u00e9sidente, Administration G\u00e9n\u00e9rale M. Romain GAFFIERO Vice Pr\u00e9sident M. Arnaud GRIGNAN Vice Pr\u00e9sident<\/p>\n","protected":false},"author":1,"featured_media":0,"parent":0,"menu_order":0,"comment_status":"closed","ping_status":"closed","template":"","meta":{"colormag_page_layout":"no_sidebar_full_width","footnotes":""},"class_list":["post-86","page","type-page","status-publish","hentry"],"jetpack_sharing_enabled":true,"_links":{"self":[{"href":"https:\/\/www.tritoncavaillon.fr\/index.php\/wp-json\/wp\/v2\/pages\/86","targetHints":{"allow":["GET"]}}],"collection":[{"href":"https:\/\/www.tritoncavaillon.fr\/index.php\/wp-json\/wp\/v2\/pages"}],"about":[{"href":"https:\/\/www.tritoncavaillon.fr\/index.php\/wp-json\/wp\/v2\/types\/page"}],"author":[{"embeddable":true,"href":"https:\/\/www.tritoncavaillon.fr\/index.php\/wp-json\/wp\/v2\/users\/1"}],"replies":[{"embeddable":true,"href":"https:\/\/www.tritoncavaillon.fr\/index.php\/wp-json\/wp\/v2\/comments?post=86"}],"version-history":[{"count":18,"href":"https:\/\/www.tritoncavaillon.fr\/index.php\/wp-json\/wp\/v2\/pages\/86\/revisions"}],"predecessor-version":[{"id":874,"href":"https:\/\/www.tritoncavaillon.fr\/index.php\/wp-json\/wp\/v2\/pages\/86\/revisions\/874"}],"wp:attachment":[{"href":"https:\/\/www.tritoncavaillon.fr\/index.php\/wp-json\/wp\/v2\/media?parent=86"}],"curies":[{"name":"wp","href":"https:\/\/api.w.org\/{rel}","templated":true}]}}